{"id":1162,"date":"2021-05-06T11:18:09","date_gmt":"2021-05-06T11:18:09","guid":{"rendered":"https:\/\/selid.efos-europa.eu\/?page_id=1162"},"modified":"2022-05-14T12:48:57","modified_gmt":"2022-05-14T12:48:57","slug":"dissemination","status":"publish","type":"page","link":"https:\/\/selid.efos-europa.eu\/?page_id=1162&lang=de","title":{"rendered":"Dissemination"},"content":{"rendered":"\n<p><a rel=\"noreferrer noopener\" href=\"https:\/\/selid.efos-europa.eu\/wp-content\/uploads\/2021\/12\/Wroclaw-dissemination-dec-2021.pdf\" target=\"_blank\">Wroclaw Poster f\u00fcr einen Computerkurs pdf-Format<\/a><\/p>\n\n\n\n<p><a href=\"https:\/\/selid.efos-europa.eu\/wp-content\/uploads\/2021\/12\/SeLiD-in-Uppsala-Senior-University-April-2021.pdf\" target=\"_blank\" rel=\"noreferrer noopener\">SeLiD Dissemination in Uppsala  pdf-Format<\/a><\/p>\n\n\n\n<p><a href=\"https:\/\/selid.efos-europa.eu\/wp-content\/uploads\/2021\/05\/SELID-Preliminary-report-December-2020.pdf\" target=\"_blank\" rel=\"noreferrer noopener\">SeLiD Preliminary Report Dezember 2020  pdf-Format<\/a><\/p>\n\n\n\n<p><a rel=\"noreferrer noopener\" href=\"https:\/\/selid.efos-europa.eu\/wp-content\/uploads\/2021\/05\/EU-Parliament-Presentation-Nadezda-Hrapkova.pdf\" target=\"_blank\">EU Parliament presentation of Nadezda Hrapkova<\/a> pdf-Format<\/p>\n\n\n\n<p><a href=\"https:\/\/selid.efos-europa.eu\/wp-content\/uploads\/2021\/10\/Uppsala-dissemination-2021.pdf\" target=\"_blank\" rel=\"noreferrer noopener\">Dissemination durch die Seniorenuniversit\u00e4t Uppsala (Schwedisch)   pdf-Format<\/a><\/p>\n\n\n\n<h4>Dissemination durch die UPUA Alicante<\/h4>\n\n\n\n<p><a rel=\"noreferrer noopener\" href=\"https:\/\/selid.efos-europa.eu\/wp-content\/uploads\/2021\/12\/Alicante-Project-dissemination-dec-21.pdf\" target=\"_blank\">Plakat der UPUA Alicante pdf-Format<\/a><br><a rel=\"noreferrer noopener\" href=\"https:\/\/selid.efos-europa.eu\/wp-content\/uploads\/2021\/12\/Folleto_UPUA2_Online_Val-2ndS.pdf\" target=\"_blank\">Prospekt der UPUA Alicante pdf-Format<\/a><br><a rel=\"noreferrer noopener\" href=\"https:\/\/selid.efos-europa.eu\/wp-content\/uploads\/2021\/12\/Alicante-dissemination-1.pdf\" target=\"_blank\">Workshop Bezahlen mit mobilem Telephon<\/a><br><a rel=\"noreferrer noopener\" href=\"https:\/\/selid.efos-europa.eu\/wp-content\/uploads\/2021\/12\/Alicante-dissemination-2.pdf\" target=\"_blank\">Workshop Einkaufen im Internet<\/a><br><a rel=\"noreferrer noopener\" href=\"https:\/\/selid.efos-europa.eu\/wp-content\/uploads\/2021\/12\/Alicante-dissemination-3.pdf\" target=\"_blank\">Universit\u00e4res Engagement f\u00fcr \u00e4ltere Menschen, eine Herausforderung zur Zeit von COVID-19<\/a><br><a rel=\"noreferrer noopener\" href=\"https:\/\/selid.efos-europa.eu\/wp-content\/uploads\/2021\/12\/Alicante-dissemination-4.jpg\" target=\"_blank\">Internationale Projekte<\/a><br><a rel=\"noreferrer noopener\" href=\"https:\/\/selid.efos-europa.eu\/wp-content\/uploads\/2021\/12\/Alicante-dissemination-5.pdf\" target=\"_blank\">Disseminationsliste 2019<\/a><\/p>\n\n\n\n<h4>Brno &#8211; April 2022 &#8211; Pr\u00e4sentation des Buches und praktischer Informationen \u00fcber das Projekt auf  dem Anschlagbrett der Universit\u00e4t des Dritten Alters<\/h4>\n\n\n\n<figure class=\"is-layout-flex wp-block-gallery-1 wp-block-gallery columns-5 is-cropped\"><ul class=\"blocks-gallery-grid\"><li class=\"blocks-gallery-item\"><figure><a href=\"https:\/\/selid.efos-europa.eu\/wp-content\/uploads\/2022\/05\/Brno-dissemination-1-1.jpg\"><img decoding=\"async\" loading=\"lazy\" width=\"1024\" height=\"768\" src=\"https:\/\/selid.efos-europa.eu\/wp-content\/uploads\/2022\/05\/Brno-dissemination-1-1-1024x768.jpg\" alt=\"\" data-id=\"2009\" data-full-url=\"https:\/\/selid.efos-europa.eu\/wp-content\/uploads\/2022\/05\/Brno-dissemination-1-1.jpg\" data-link=\"https:\/\/selid.efos-europa.eu\/?attachment_id=2009&amp;lang=de\" class=\"wp-image-2009\" srcset=\"https:\/\/selid.efos-europa.eu\/wp-content\/uploads\/2022\/05\/Brno-dissemination-1-1-1024x768.jpg 1024w, https:\/\/selid.efos-europa.eu\/wp-content\/uploads\/2022\/05\/Brno-dissemination-1-1-300x225.jpg 300w, https:\/\/selid.efos-europa.eu\/wp-content\/uploads\/2022\/05\/Brno-dissemination-1-1-768x576.jpg 768w, https:\/\/selid.efos-europa.eu\/wp-content\/uploads\/2022\/05\/Brno-dissemination-1-1.jpg 1210w\" sizes=\"(max-width: 1024px) 100vw, 1024px\" \/><\/a><\/figure><\/li><li class=\"blocks-gallery-item\"><figure><a href=\"https:\/\/selid.efos-europa.eu\/wp-content\/uploads\/2022\/05\/Brno-dissemination-5-scaled.jpg\"><img decoding=\"async\" loading=\"lazy\" width=\"1024\" height=\"534\" src=\"https:\/\/selid.efos-europa.eu\/wp-content\/uploads\/2022\/05\/Brno-dissemination-5-1024x534.jpg\" alt=\"\" data-id=\"2025\" data-full-url=\"https:\/\/selid.efos-europa.eu\/wp-content\/uploads\/2022\/05\/Brno-dissemination-5-scaled.jpg\" data-link=\"https:\/\/selid.efos-europa.eu\/?attachment_id=2025&amp;lang=de\" class=\"wp-image-2025\" srcset=\"https:\/\/selid.efos-europa.eu\/wp-content\/uploads\/2022\/05\/Brno-dissemination-5-1024x534.jpg 1024w, https:\/\/selid.efos-europa.eu\/wp-content\/uploads\/2022\/05\/Brno-dissemination-5-300x156.jpg 300w, https:\/\/selid.efos-europa.eu\/wp-content\/uploads\/2022\/05\/Brno-dissemination-5-768x400.jpg 768w, https:\/\/selid.efos-europa.eu\/wp-content\/uploads\/2022\/05\/Brno-dissemination-5-1536x801.jpg 1536w, https:\/\/selid.efos-europa.eu\/wp-content\/uploads\/2022\/05\/Brno-dissemination-5-2048x1067.jpg 2048w\" sizes=\"(max-width: 1024px) 100vw, 1024px\" \/><\/a><\/figure><\/li><li class=\"blocks-gallery-item\"><figure><a href=\"https:\/\/selid.efos-europa.eu\/wp-content\/uploads\/2022\/05\/Brno-dissemination-3-1.jpg\"><img decoding=\"async\" loading=\"lazy\" width=\"1024\" height=\"768\" src=\"https:\/\/selid.efos-europa.eu\/wp-content\/uploads\/2022\/05\/Brno-dissemination-3-1-1024x768.jpg\" alt=\"\" data-id=\"2011\" data-full-url=\"https:\/\/selid.efos-europa.eu\/wp-content\/uploads\/2022\/05\/Brno-dissemination-3-1.jpg\" data-link=\"https:\/\/selid.efos-europa.eu\/?attachment_id=2011&amp;lang=de\" class=\"wp-image-2011\" srcset=\"https:\/\/selid.efos-europa.eu\/wp-content\/uploads\/2022\/05\/Brno-dissemination-3-1-1024x768.jpg 1024w, https:\/\/selid.efos-europa.eu\/wp-content\/uploads\/2022\/05\/Brno-dissemination-3-1-300x225.jpg 300w, https:\/\/selid.efos-europa.eu\/wp-content\/uploads\/2022\/05\/Brno-dissemination-3-1-768x576.jpg 768w, https:\/\/selid.efos-europa.eu\/wp-content\/uploads\/2022\/05\/Brno-dissemination-3-1.jpg 1210w\" sizes=\"(max-width: 1024px) 100vw, 1024px\" \/><\/a><\/figure><\/li><li class=\"blocks-gallery-item\"><figure><a href=\"https:\/\/selid.efos-europa.eu\/wp-content\/uploads\/2022\/05\/Brno-dissemination-4-1.jpg\"><img decoding=\"async\" loading=\"lazy\" width=\"1024\" height=\"768\" src=\"https:\/\/selid.efos-europa.eu\/wp-content\/uploads\/2022\/05\/Brno-dissemination-4-1-1024x768.jpg\" alt=\"\" data-id=\"2012\" data-full-url=\"https:\/\/selid.efos-europa.eu\/wp-content\/uploads\/2022\/05\/Brno-dissemination-4-1.jpg\" data-link=\"https:\/\/selid.efos-europa.eu\/?attachment_id=2012&amp;lang=de\" class=\"wp-image-2012\" srcset=\"https:\/\/selid.efos-europa.eu\/wp-content\/uploads\/2022\/05\/Brno-dissemination-4-1-1024x768.jpg 1024w, https:\/\/selid.efos-europa.eu\/wp-content\/uploads\/2022\/05\/Brno-dissemination-4-1-300x225.jpg 300w, https:\/\/selid.efos-europa.eu\/wp-content\/uploads\/2022\/05\/Brno-dissemination-4-1-768x576.jpg 768w, https:\/\/selid.efos-europa.eu\/wp-content\/uploads\/2022\/05\/Brno-dissemination-4-1.jpg 1210w\" sizes=\"(max-width: 1024px) 100vw, 1024px\" \/><\/a><\/figure><\/li><li class=\"blocks-gallery-item\"><figure><a href=\"https:\/\/selid.efos-europa.eu\/wp-content\/uploads\/2022\/05\/Brno-dissemination-2-1.jpg\"><img decoding=\"async\" loading=\"lazy\" width=\"1024\" height=\"768\" src=\"https:\/\/selid.efos-europa.eu\/wp-content\/uploads\/2022\/05\/Brno-dissemination-2-1-1024x768.jpg\" alt=\"\" data-id=\"2010\" data-full-url=\"https:\/\/selid.efos-europa.eu\/wp-content\/uploads\/2022\/05\/Brno-dissemination-2-1.jpg\" data-link=\"https:\/\/selid.efos-europa.eu\/?attachment_id=2010&amp;lang=de\" class=\"wp-image-2010\" srcset=\"https:\/\/selid.efos-europa.eu\/wp-content\/uploads\/2022\/05\/Brno-dissemination-2-1-1024x768.jpg 1024w, https:\/\/selid.efos-europa.eu\/wp-content\/uploads\/2022\/05\/Brno-dissemination-2-1-300x225.jpg 300w, https:\/\/selid.efos-europa.eu\/wp-content\/uploads\/2022\/05\/Brno-dissemination-2-1-768x576.jpg 768w, https:\/\/selid.efos-europa.eu\/wp-content\/uploads\/2022\/05\/Brno-dissemination-2-1.jpg 1210w\" sizes=\"(max-width: 1024px) 100vw, 1024px\" \/><\/a><\/figure><\/li><\/ul><\/figure>\n\n\n\n<h4>Dissemination bei der AIUTA<\/h4>\n\n\n\n<p>Die Projektbrosch\u00fcre und die Resultate  wurden pr\u00e4sentiert auf einer Konferenz  der <em>International Association of Universities of the Third Age<\/em> (AIUTA) am 7. und 8. April 2022 in Athen.<\/p>\n\n\n\n<figure class=\"is-layout-flex wp-block-gallery-3 wp-block-gallery columns-4 is-cropped\"><ul class=\"blocks-gallery-grid\"><li class=\"blocks-gallery-item\"><figure><a href=\"https:\/\/selid.efos-europa.eu\/wp-content\/uploads\/2022\/05\/AIUTA-Athens-2022-1-1.jpg\"><img decoding=\"async\" loading=\"lazy\" width=\"640\" height=\"480\" src=\"https:\/\/selid.efos-europa.eu\/wp-content\/uploads\/2022\/05\/AIUTA-Athens-2022-1-1.jpg\" alt=\"\" data-id=\"1991\" data-full-url=\"https:\/\/selid.efos-europa.eu\/wp-content\/uploads\/2022\/05\/AIUTA-Athens-2022-1-1.jpg\" data-link=\"https:\/\/selid.efos-europa.eu\/?attachment_id=1991&amp;lang=de\" class=\"wp-image-1991\" srcset=\"https:\/\/selid.efos-europa.eu\/wp-content\/uploads\/2022\/05\/AIUTA-Athens-2022-1-1.jpg 640w, https:\/\/selid.efos-europa.eu\/wp-content\/uploads\/2022\/05\/AIUTA-Athens-2022-1-1-300x225.jpg 300w\" sizes=\"(max-width: 640px) 100vw, 640px\" \/><\/a><\/figure><\/li><li class=\"blocks-gallery-item\"><figure><a href=\"https:\/\/selid.efos-europa.eu\/wp-content\/uploads\/2022\/05\/AIUTA-Athens-2022-2-1.jpg\"><img decoding=\"async\" loading=\"lazy\" width=\"640\" height=\"480\" src=\"https:\/\/selid.efos-europa.eu\/wp-content\/uploads\/2022\/05\/AIUTA-Athens-2022-2-1.jpg\" alt=\"\" data-id=\"1992\" data-full-url=\"https:\/\/selid.efos-europa.eu\/wp-content\/uploads\/2022\/05\/AIUTA-Athens-2022-2-1.jpg\" data-link=\"https:\/\/selid.efos-europa.eu\/?attachment_id=1992&amp;lang=de\" class=\"wp-image-1992\" srcset=\"https:\/\/selid.efos-europa.eu\/wp-content\/uploads\/2022\/05\/AIUTA-Athens-2022-2-1.jpg 640w, https:\/\/selid.efos-europa.eu\/wp-content\/uploads\/2022\/05\/AIUTA-Athens-2022-2-1-300x225.jpg 300w\" sizes=\"(max-width: 640px) 100vw, 640px\" \/><\/a><\/figure><\/li><li class=\"blocks-gallery-item\"><figure><a href=\"https:\/\/selid.efos-europa.eu\/wp-content\/uploads\/2022\/05\/AIUTA-Athens-2022-3-1.jpg\"><img decoding=\"async\" loading=\"lazy\" width=\"640\" height=\"480\" src=\"https:\/\/selid.efos-europa.eu\/wp-content\/uploads\/2022\/05\/AIUTA-Athens-2022-3-1.jpg\" alt=\"\" data-id=\"1993\" data-full-url=\"https:\/\/selid.efos-europa.eu\/wp-content\/uploads\/2022\/05\/AIUTA-Athens-2022-3-1.jpg\" data-link=\"https:\/\/selid.efos-europa.eu\/?attachment_id=1993&amp;lang=de\" class=\"wp-image-1993\" srcset=\"https:\/\/selid.efos-europa.eu\/wp-content\/uploads\/2022\/05\/AIUTA-Athens-2022-3-1.jpg 640w, https:\/\/selid.efos-europa.eu\/wp-content\/uploads\/2022\/05\/AIUTA-Athens-2022-3-1-300x225.jpg 300w\" sizes=\"(max-width: 640px) 100vw, 640px\" \/><\/a><\/figure><\/li><li class=\"blocks-gallery-item\"><figure><a href=\"https:\/\/selid.efos-europa.eu\/wp-content\/uploads\/2022\/05\/AIUTA-Athens-2022-4-1.jpg\"><img decoding=\"async\" loading=\"lazy\" width=\"640\" height=\"480\" src=\"https:\/\/selid.efos-europa.eu\/wp-content\/uploads\/2022\/05\/AIUTA-Athens-2022-4-1.jpg\" alt=\"\" data-id=\"1994\" data-full-url=\"https:\/\/selid.efos-europa.eu\/wp-content\/uploads\/2022\/05\/AIUTA-Athens-2022-4-1.jpg\" data-link=\"https:\/\/selid.efos-europa.eu\/?attachment_id=1994&amp;lang=de\" class=\"wp-image-1994\" srcset=\"https:\/\/selid.efos-europa.eu\/wp-content\/uploads\/2022\/05\/AIUTA-Athens-2022-4-1.jpg 640w, https:\/\/selid.efos-europa.eu\/wp-content\/uploads\/2022\/05\/AIUTA-Athens-2022-4-1-300x225.jpg 300w\" sizes=\"(max-width: 640px) 100vw, 640px\" \/><\/a><\/figure><\/li><\/ul><\/figure>\n\n\n\n<h4>Dissemination und Pr\u00e4sentation des SeLiD Projekts in einer l\u00e4ndlichen Umgebung &#8211; Orava, Slowakei<\/h4>\n\n\n\n<figure class=\"is-layout-flex wp-block-gallery-5 wp-block-gallery columns-2 is-cropped\"><ul class=\"blocks-gallery-grid\"><li class=\"blocks-gallery-item\"><figure><a href=\"https:\/\/selid.efos-europa.eu\/wp-content\/uploads\/2020\/06\/Orava-dissem-01.jpg\"><img decoding=\"async\" loading=\"lazy\" width=\"1024\" height=\"768\" src=\"https:\/\/selid.efos-europa.eu\/wp-content\/uploads\/2020\/06\/Orava-dissem-01-1024x768.jpg\" alt=\"\" data-id=\"715\" data-full-url=\"https:\/\/selid.efos-europa.eu\/wp-content\/uploads\/2020\/06\/Orava-dissem-01.jpg\" data-link=\"https:\/\/selid.efos-europa.eu\/?attachment_id=715&amp;lang=de\" class=\"wp-image-715\" srcset=\"https:\/\/selid.efos-europa.eu\/wp-content\/uploads\/2020\/06\/Orava-dissem-01-1024x768.jpg 1024w, https:\/\/selid.efos-europa.eu\/wp-content\/uploads\/2020\/06\/Orava-dissem-01-300x225.jpg 300w, https:\/\/selid.efos-europa.eu\/wp-content\/uploads\/2020\/06\/Orava-dissem-01-768x576.jpg 768w, https:\/\/selid.efos-europa.eu\/wp-content\/uploads\/2020\/06\/Orava-dissem-01-1536x1152.jpg 1536w, https:\/\/selid.efos-europa.eu\/wp-content\/uploads\/2020\/06\/Orava-dissem-01.jpg 1600w\" sizes=\"(max-width: 1024px) 100vw, 1024px\" \/><\/a><\/figure><\/li><li class=\"blocks-gallery-item\"><figure><a href=\"https:\/\/selid.efos-europa.eu\/wp-content\/uploads\/2020\/06\/Orava-dissem-02.jpg\"><img decoding=\"async\" loading=\"lazy\" width=\"300\" height=\"225\" src=\"https:\/\/selid.efos-europa.eu\/wp-content\/uploads\/2020\/06\/Orava-dissem-02-300x225.jpg\" alt=\"\" data-id=\"716\" data-full-url=\"https:\/\/selid.efos-europa.eu\/wp-content\/uploads\/2020\/06\/Orava-dissem-02.jpg\" data-link=\"https:\/\/selid.efos-europa.eu\/?attachment_id=716&amp;lang=de\" class=\"wp-image-716\" srcset=\"https:\/\/selid.efos-europa.eu\/wp-content\/uploads\/2020\/06\/Orava-dissem-02-300x225.jpg 300w, https:\/\/selid.efos-europa.eu\/wp-content\/uploads\/2020\/06\/Orava-dissem-02-1024x768.jpg 1024w, https:\/\/selid.efos-europa.eu\/wp-content\/uploads\/2020\/06\/Orava-dissem-02-768x576.jpg 768w, https:\/\/selid.efos-europa.eu\/wp-content\/uploads\/2020\/06\/Orava-dissem-02-1536x1152.jpg 1536w, https:\/\/selid.efos-europa.eu\/wp-content\/uploads\/2020\/06\/Orava-dissem-02.jpg 1600w\" sizes=\"(max-width: 300px) 100vw, 300px\" \/><\/a><\/figure><\/li><\/ul><\/figure>\n\n\n\n<h4>Dissemination des Projekts an der Universit\u00e4t des Dritten Alters, Comenius Universit\u00e4t in Bratislava, Slowakei<\/h4>\n\n\n\n<figure class=\"is-layout-flex wp-block-gallery-7 wp-block-gallery columns-3 is-cropped\"><ul class=\"blocks-gallery-grid\"><li class=\"blocks-gallery-item\"><figure><a href=\"https:\/\/selid.efos-europa.eu\/wp-content\/uploads\/2020\/06\/UTA-Bratislava-dissem-01-1.jpg\"><img decoding=\"async\" loading=\"lazy\" width=\"1000\" height=\"750\" src=\"https:\/\/selid.efos-europa.eu\/wp-content\/uploads\/2020\/06\/UTA-Bratislava-dissem-01-1.jpg\" alt=\"\" data-id=\"720\" data-full-url=\"https:\/\/selid.efos-europa.eu\/wp-content\/uploads\/2020\/06\/UTA-Bratislava-dissem-01-1.jpg\" data-link=\"https:\/\/selid.efos-europa.eu\/?attachment_id=720&amp;lang=de\" class=\"wp-image-720\" srcset=\"https:\/\/selid.efos-europa.eu\/wp-content\/uploads\/2020\/06\/UTA-Bratislava-dissem-01-1.jpg 1000w, https:\/\/selid.efos-europa.eu\/wp-content\/uploads\/2020\/06\/UTA-Bratislava-dissem-01-1-300x225.jpg 300w, https:\/\/selid.efos-europa.eu\/wp-content\/uploads\/2020\/06\/UTA-Bratislava-dissem-01-1-768x576.jpg 768w\" sizes=\"(max-width: 1000px) 100vw, 1000px\" \/><\/a><\/figure><\/li><li class=\"blocks-gallery-item\"><figure><a href=\"https:\/\/selid.efos-europa.eu\/wp-content\/uploads\/2020\/06\/UTA-Bratislava-dissem-02-1-rotated-e1592496535593.jpg\"><img decoding=\"async\" loading=\"lazy\" width=\"768\" height=\"1024\" src=\"https:\/\/selid.efos-europa.eu\/wp-content\/uploads\/2020\/06\/UTA-Bratislava-dissem-02-1-rotated-e1592496535593-768x1024.jpg\" alt=\"\" data-id=\"721\" data-full-url=\"https:\/\/selid.efos-europa.eu\/wp-content\/uploads\/2020\/06\/UTA-Bratislava-dissem-02-1-rotated-e1592496535593.jpg\" data-link=\"https:\/\/selid.efos-europa.eu\/?attachment_id=721&amp;lang=de\" class=\"wp-image-721\" srcset=\"https:\/\/selid.efos-europa.eu\/wp-content\/uploads\/2020\/06\/UTA-Bratislava-dissem-02-1-rotated-e1592496535593-768x1024.jpg 768w, https:\/\/selid.efos-europa.eu\/wp-content\/uploads\/2020\/06\/UTA-Bratislava-dissem-02-1-rotated-e1592496535593-225x300.jpg 225w, https:\/\/selid.efos-europa.eu\/wp-content\/uploads\/2020\/06\/UTA-Bratislava-dissem-02-1-rotated-e1592496535593-1152x1536.jpg 1152w, https:\/\/selid.efos-europa.eu\/wp-content\/uploads\/2020\/06\/UTA-Bratislava-dissem-02-1-rotated-e1592496535593.jpg 1500w\" sizes=\"(max-width: 768px) 100vw, 768px\" \/><\/a><figcaption class=\"blocks-gallery-item__caption\"> <\/figcaption><\/figure><\/li><li class=\"blocks-gallery-item\"><figure><a href=\"https:\/\/selid.efos-europa.eu\/wp-content\/uploads\/2020\/06\/UTA-Bratislava-dissem-03-1.jpg\"><img decoding=\"async\" loading=\"lazy\" width=\"1024\" height=\"768\" src=\"https:\/\/selid.efos-europa.eu\/wp-content\/uploads\/2020\/06\/UTA-Bratislava-dissem-03-1-1024x768.jpg\" alt=\"\" data-id=\"722\" data-full-url=\"https:\/\/selid.efos-europa.eu\/wp-content\/uploads\/2020\/06\/UTA-Bratislava-dissem-03-1.jpg\" data-link=\"https:\/\/selid.efos-europa.eu\/?attachment_id=722&amp;lang=de\" class=\"wp-image-722\" srcset=\"https:\/\/selid.efos-europa.eu\/wp-content\/uploads\/2020\/06\/UTA-Bratislava-dissem-03-1-1024x768.jpg 1024w, https:\/\/selid.efos-europa.eu\/wp-content\/uploads\/2020\/06\/UTA-Bratislava-dissem-03-1-300x225.jpg 300w, https:\/\/selid.efos-europa.eu\/wp-content\/uploads\/2020\/06\/UTA-Bratislava-dissem-03-1-768x576.jpg 768w, https:\/\/selid.efos-europa.eu\/wp-content\/uploads\/2020\/06\/UTA-Bratislava-dissem-03-1-1536x1152.jpg 1536w, https:\/\/selid.efos-europa.eu\/wp-content\/uploads\/2020\/06\/UTA-Bratislava-dissem-03-1.jpg 2000w\" sizes=\"(max-width: 1024px) 100vw, 1024px\" \/><\/a><\/figure><\/li><\/ul><\/figure>\n\n\n\n<h4>Dissemination des Projekts an der Technischen universit\u00e4t Brno, Tschechische Republik <\/h4>\n\n\n\n<figure class=\"is-layout-flex wp-block-gallery-9 wp-block-gallery columns-3 is-cropped\"><ul class=\"blocks-gallery-grid\"><li class=\"blocks-gallery-item\"><figure><a href=\"https:\/\/selid.efos-europa.eu\/wp-content\/uploads\/2020\/06\/Orava-dissem-03.jpg\"><img decoding=\"async\" loading=\"lazy\" width=\"1024\" height=\"1024\" src=\"https:\/\/selid.efos-europa.eu\/wp-content\/uploads\/2020\/06\/Orava-dissem-03-1024x1024.jpg\" alt=\"\" data-id=\"717\" data-full-url=\"https:\/\/selid.efos-europa.eu\/wp-content\/uploads\/2020\/06\/Orava-dissem-03.jpg\" data-link=\"https:\/\/selid.efos-europa.eu\/?attachment_id=717&amp;lang=de\" class=\"wp-image-717\" srcset=\"https:\/\/selid.efos-europa.eu\/wp-content\/uploads\/2020\/06\/Orava-dissem-03-1024x1024.jpg 1024w, https:\/\/selid.efos-europa.eu\/wp-content\/uploads\/2020\/06\/Orava-dissem-03-300x300.jpg 300w, https:\/\/selid.efos-europa.eu\/wp-content\/uploads\/2020\/06\/Orava-dissem-03-150x150.jpg 150w, https:\/\/selid.efos-europa.eu\/wp-content\/uploads\/2020\/06\/Orava-dissem-03-768x768.jpg 768w, https:\/\/selid.efos-europa.eu\/wp-content\/uploads\/2020\/06\/Orava-dissem-03.jpg 1512w\" sizes=\"(max-width: 1024px) 100vw, 1024px\" \/><\/a><\/figure><\/li><li class=\"blocks-gallery-item\"><figure><a href=\"https:\/\/selid.efos-europa.eu\/wp-content\/uploads\/2020\/06\/Orava-dissem-04.jpg\"><img decoding=\"async\" loading=\"lazy\" width=\"1024\" height=\"1024\" src=\"https:\/\/selid.efos-europa.eu\/wp-content\/uploads\/2020\/06\/Orava-dissem-04-1024x1024.jpg\" alt=\"\" data-id=\"718\" data-full-url=\"https:\/\/selid.efos-europa.eu\/wp-content\/uploads\/2020\/06\/Orava-dissem-04.jpg\" data-link=\"https:\/\/selid.efos-europa.eu\/?attachment_id=718&amp;lang=de\" class=\"wp-image-718\" srcset=\"https:\/\/selid.efos-europa.eu\/wp-content\/uploads\/2020\/06\/Orava-dissem-04-1024x1024.jpg 1024w, https:\/\/selid.efos-europa.eu\/wp-content\/uploads\/2020\/06\/Orava-dissem-04-300x300.jpg 300w, https:\/\/selid.efos-europa.eu\/wp-content\/uploads\/2020\/06\/Orava-dissem-04-150x150.jpg 150w, https:\/\/selid.efos-europa.eu\/wp-content\/uploads\/2020\/06\/Orava-dissem-04-768x768.jpg 768w, https:\/\/selid.efos-europa.eu\/wp-content\/uploads\/2020\/06\/Orava-dissem-04.jpg 1512w\" sizes=\"(max-width: 1024px) 100vw, 1024px\" \/><\/a><\/figure><\/li><li class=\"blocks-gallery-item\"><figure><a href=\"https:\/\/selid.efos-europa.eu\/wp-content\/uploads\/2020\/06\/Orava-dissem-05.jpg\"><img decoding=\"async\" loading=\"lazy\" width=\"1024\" height=\"768\" src=\"https:\/\/selid.efos-europa.eu\/wp-content\/uploads\/2020\/06\/Orava-dissem-05-1024x768.jpg\" alt=\"\" data-id=\"719\" data-full-url=\"https:\/\/selid.efos-europa.eu\/wp-content\/uploads\/2020\/06\/Orava-dissem-05.jpg\" data-link=\"https:\/\/selid.efos-europa.eu\/?attachment_id=719&amp;lang=de\" class=\"wp-image-719\" srcset=\"https:\/\/selid.efos-europa.eu\/wp-content\/uploads\/2020\/06\/Orava-dissem-05-1024x768.jpg 1024w, https:\/\/selid.efos-europa.eu\/wp-content\/uploads\/2020\/06\/Orava-dissem-05-300x225.jpg 300w, https:\/\/selid.efos-europa.eu\/wp-content\/uploads\/2020\/06\/Orava-dissem-05-768x576.jpg 768w, https:\/\/selid.efos-europa.eu\/wp-content\/uploads\/2020\/06\/Orava-dissem-05-1536x1152.jpg 1536w, https:\/\/selid.efos-europa.eu\/wp-content\/uploads\/2020\/06\/Orava-dissem-05.jpg 2016w\" sizes=\"(max-width: 1024px) 100vw, 1024px\" \/><\/a><\/figure><\/li><\/ul><\/figure>\n\n\n\n<h4>Verschiedenes<\/h4>\n\n\n\n<figure class=\"is-layout-flex wp-block-gallery-11 wp-block-gallery columns-3 is-cropped\"><ul class=\"blocks-gallery-grid\"><li class=\"blocks-gallery-item\"><figure><a href=\"https:\/\/selid.efos-europa.eu\/wp-content\/uploads\/2021\/07\/Dissemination-Bratislava-1.jpg\"><img decoding=\"async\" loading=\"lazy\" width=\"1024\" height=\"588\" src=\"https:\/\/selid.efos-europa.eu\/wp-content\/uploads\/2021\/07\/Dissemination-Bratislava-1-1024x588.jpg\" alt=\"\" data-id=\"1287\" data-full-url=\"https:\/\/selid.efos-europa.eu\/wp-content\/uploads\/2021\/07\/Dissemination-Bratislava-1.jpg\" data-link=\"https:\/\/selid.efos-europa.eu\/?attachment_id=1287\" class=\"wp-image-1287\" srcset=\"https:\/\/selid.efos-europa.eu\/wp-content\/uploads\/2021\/07\/Dissemination-Bratislava-1-1024x588.jpg 1024w, https:\/\/selid.efos-europa.eu\/wp-content\/uploads\/2021\/07\/Dissemination-Bratislava-1-300x172.jpg 300w, https:\/\/selid.efos-europa.eu\/wp-content\/uploads\/2021\/07\/Dissemination-Bratislava-1-768x441.jpg 768w, https:\/\/selid.efos-europa.eu\/wp-content\/uploads\/2021\/07\/Dissemination-Bratislava-1.jpg 1391w\" sizes=\"(max-width: 1024px) 100vw, 1024px\" \/><\/a><\/figure><\/li><li class=\"blocks-gallery-item\"><figure><a href=\"https:\/\/selid.efos-europa.eu\/wp-content\/uploads\/2021\/07\/Dissemination-project-for-DANET-1.jpg\"><img decoding=\"async\" loading=\"lazy\" width=\"1024\" height=\"576\" src=\"https:\/\/selid.efos-europa.eu\/wp-content\/uploads\/2021\/07\/Dissemination-project-for-DANET-1-1024x576.jpg\" alt=\"\" data-id=\"1288\" data-full-url=\"https:\/\/selid.efos-europa.eu\/wp-content\/uploads\/2021\/07\/Dissemination-project-for-DANET-1.jpg\" data-link=\"https:\/\/selid.efos-europa.eu\/?attachment_id=1288\" class=\"wp-image-1288\" srcset=\"https:\/\/selid.efos-europa.eu\/wp-content\/uploads\/2021\/07\/Dissemination-project-for-DANET-1-1024x576.jpg 1024w, https:\/\/selid.efos-europa.eu\/wp-content\/uploads\/2021\/07\/Dissemination-project-for-DANET-1-300x169.jpg 300w, https:\/\/selid.efos-europa.eu\/wp-content\/uploads\/2021\/07\/Dissemination-project-for-DANET-1-768x432.jpg 768w, https:\/\/selid.efos-europa.eu\/wp-content\/uploads\/2021\/07\/Dissemination-project-for-DANET-1-1536x864.jpg 1536w, https:\/\/selid.efos-europa.eu\/wp-content\/uploads\/2021\/07\/Dissemination-project-for-DANET-1.jpg 1920w\" sizes=\"(max-width: 1024px) 100vw, 1024px\" \/><\/a><\/figure><\/li><li class=\"blocks-gallery-item\"><figure><a href=\"https:\/\/selid.efos-europa.eu\/wp-content\/uploads\/2021\/07\/Dissemination-project-for-EU-1.jpg\"><img decoding=\"async\" loading=\"lazy\" width=\"1024\" height=\"584\" src=\"https:\/\/selid.efos-europa.eu\/wp-content\/uploads\/2021\/07\/Dissemination-project-for-EU-1-1024x584.jpg\" alt=\"\" data-id=\"1289\" data-full-url=\"https:\/\/selid.efos-europa.eu\/wp-content\/uploads\/2021\/07\/Dissemination-project-for-EU-1.jpg\" data-link=\"https:\/\/selid.efos-europa.eu\/?attachment_id=1289\" class=\"wp-image-1289\" srcset=\"https:\/\/selid.efos-europa.eu\/wp-content\/uploads\/2021\/07\/Dissemination-project-for-EU-1-1024x584.jpg 1024w, https:\/\/selid.efos-europa.eu\/wp-content\/uploads\/2021\/07\/Dissemination-project-for-EU-1-300x171.jpg 300w, https:\/\/selid.efos-europa.eu\/wp-content\/uploads\/2021\/07\/Dissemination-project-for-EU-1-768x438.jpg 768w, https:\/\/selid.efos-europa.eu\/wp-content\/uploads\/2021\/07\/Dissemination-project-for-EU-1.jpg 1395w\" sizes=\"(max-width: 1024px) 100vw, 1024px\" \/><\/a><\/figure><\/li><\/ul><\/figure>\n","protected":false},"excerpt":{"rendered":"<p>Wroclaw Poster f\u00fcr einen Computerkurs pdf-Format SeLiD Dissemination in Uppsala pdf-Format SeLiD Preliminary Report Dezember 2020 pdf-Format EU Parliament presentation of Nadezda Hrapkova pdf-Format Dissemination &hellip; <\/p>\n","protected":false},"author":2,"featured_media":0,"parent":0,"menu_order":0,"comment_status":"closed","ping_status":"closed","template":"","meta":[],"_links":{"self":[{"href":"https:\/\/selid.efos-europa.eu\/index.php?rest_route=\/wp\/v2\/pages\/1162"}],"collection":[{"href":"https:\/\/selid.efos-europa.eu\/index.php?rest_route=\/wp\/v2\/pages"}],"about":[{"href":"https:\/\/selid.efos-europa.eu\/index.php?rest_route=\/wp\/v2\/types\/page"}],"author":[{"embeddable":true,"href":"https:\/\/selid.efos-europa.eu\/index.php?rest_route=\/wp\/v2\/users\/2"}],"replies":[{"embeddable":true,"href":"https:\/\/selid.efos-europa.eu\/index.php?rest_route=%2Fwp%2Fv2%2Fcomments&post=1162"}],"version-history":[{"count":41,"href":"https:\/\/selid.efos-europa.eu\/index.php?rest_route=\/wp\/v2\/pages\/1162\/revisions"}],"predecessor-version":[{"id":2029,"href":"https:\/\/selid.efos-europa.eu\/index.php?rest_route=\/wp\/v2\/pages\/1162\/revisions\/2029"}],"wp:attachment":[{"href":"https:\/\/selid.efos-europa.eu\/index.php?rest_route=%2Fwp%2Fv2%2Fmedia&parent=1162"}],"curies":[{"name":"wp","href":"https:\/\/api.w.org\/{rel}","templated":true}]}}