{"id":1815,"date":"2022-03-15T12:28:48","date_gmt":"2022-03-15T12:28:48","guid":{"rendered":"https:\/\/selid.efos-europa.eu\/?page_id=1815"},"modified":"2022-04-06T13:42:31","modified_gmt":"2022-04-06T13:42:31","slug":"magdeburg-projekttagung","status":"publish","type":"page","link":"https:\/\/selid.efos-europa.eu\/?page_id=1815&lang=de","title":{"rendered":"Magdeburg Projekttagung"},"content":{"rendered":"\n<p>Vom 10. bis 12. M\u00e4rz 2022 trafen sich die Projectpartner zu ihrer Abschlusstagung in Magdeburg. Einige Teilnehmer wurden online zugeschaltet.<\/p>\n\n\n\n<p>Die Pojekttagung wurde kombiniert mit der Fr\u00fchjahrstagung der <a rel=\"noreferrer noopener\" href=\"http:\/\/efos-europa.eu\" target=\"_blank\">EFOS<\/a>.<\/p>\n\n\n\n<div class=\"wp-block-image\"><figure class=\"aligncenter size-large is-resized\"><img decoding=\"async\" loading=\"lazy\" src=\"https:\/\/selid.efos-europa.eu\/wp-content\/uploads\/2022\/03\/magdeburg2022-01.jpg\" alt=\"\" width=\"630\" height=\"472\"\/><\/figure><\/div>\n\n\n\n<p><strong>Programm:<\/strong><br>&#8211;    Pr\u00e4sentation einer Umfrage zu digitalen Kompetenzen \u00e4lterer Studierender an der Otto-von-Guerike Universit\u00e4t Magdeburg durch Jasmin Dabitz M.A.<br>&#8211;    Projekterfahrungen: Alle Partner pr\u00e4sentieren ihre Ergebnisse und Erfahrungen. Diskussion. <br>&#8211;    Pr\u00e4sentationen von Teilnehmern, die freiwillig am Projekt mitgearbeitet haben:  Hugh Busher, University of Leicester, <em>&#8221; Digitale und hybride R\u00e4ume in der Bildung. Senioren Lernen in digitalen R\u00e4umen&#8221;<\/em><br>&#8211;    Pr\u00e4sentation des <a rel=\"noreferrer noopener\" href=\"https:\/\/selid.efos-europa.eu\/wp-content\/uploads\/2022\/03\/Booklet-SELID-9-2-2022.pdf\" target=\"_blank\">Buch<\/a>es mit den geb\u00fcndelten Resultaten<br>&#8211;    Pr\u00e4sentation des Smartphone Kurses von &#8220;Studieren ab 50&#8221; der Otto-von Guerike Universit\u00e4t Magdeburg<\/p>\n\n\n\n<figure class=\"is-layout-flex wp-block-gallery-1 wp-block-gallery columns-7 is-cropped\"><ul class=\"blocks-gallery-grid\"><li class=\"blocks-gallery-item\"><figure><a href=\"https:\/\/selid.efos-europa.eu\/wp-content\/uploads\/2022\/03\/magdeburg2022-01-1.jpg\"><img decoding=\"async\" loading=\"lazy\" width=\"1024\" height=\"768\" src=\"https:\/\/selid.efos-europa.eu\/wp-content\/uploads\/2022\/03\/magdeburg2022-01-1-1024x768.jpg\" alt=\"\" data-id=\"1842\" data-full-url=\"https:\/\/selid.efos-europa.eu\/wp-content\/uploads\/2022\/03\/magdeburg2022-01-1.jpg\" data-link=\"https:\/\/selid.efos-europa.eu\/?attachment_id=1842&amp;lang=de\" class=\"wp-image-1842\" srcset=\"https:\/\/selid.efos-europa.eu\/wp-content\/uploads\/2022\/03\/magdeburg2022-01-1-1024x768.jpg 1024w, https:\/\/selid.efos-europa.eu\/wp-content\/uploads\/2022\/03\/magdeburg2022-01-1-300x225.jpg 300w, https:\/\/selid.efos-europa.eu\/wp-content\/uploads\/2022\/03\/magdeburg2022-01-1-768x576.jpg 768w, https:\/\/selid.efos-europa.eu\/wp-content\/uploads\/2022\/03\/magdeburg2022-01-1-1536x1152.jpg 1536w, https:\/\/selid.efos-europa.eu\/wp-content\/uploads\/2022\/03\/magdeburg2022-01-1-2048x1536.jpg 2048w\" sizes=\"(max-width: 1024px) 100vw, 1024px\" \/><\/a><\/figure><\/li><li class=\"blocks-gallery-item\"><figure><a href=\"https:\/\/selid.efos-europa.eu\/wp-content\/uploads\/2022\/03\/magdeburg2022-17-1-scaled.jpg\"><img decoding=\"async\" loading=\"lazy\" width=\"1024\" height=\"768\" src=\"https:\/\/selid.efos-europa.eu\/wp-content\/uploads\/2022\/03\/magdeburg2022-17-1-1024x768.jpg\" alt=\"\" data-id=\"1897\" data-full-url=\"https:\/\/selid.efos-europa.eu\/wp-content\/uploads\/2022\/03\/magdeburg2022-17-1-scaled.jpg\" data-link=\"https:\/\/selid.efos-europa.eu\/?attachment_id=1897&amp;lang=de\" class=\"wp-image-1897\" srcset=\"https:\/\/selid.efos-europa.eu\/wp-content\/uploads\/2022\/03\/magdeburg2022-17-1-1024x768.jpg 1024w, https:\/\/selid.efos-europa.eu\/wp-content\/uploads\/2022\/03\/magdeburg2022-17-1-300x225.jpg 300w, https:\/\/selid.efos-europa.eu\/wp-content\/uploads\/2022\/03\/magdeburg2022-17-1-768x576.jpg 768w, https:\/\/selid.efos-europa.eu\/wp-content\/uploads\/2022\/03\/magdeburg2022-17-1-1536x1152.jpg 1536w, https:\/\/selid.efos-europa.eu\/wp-content\/uploads\/2022\/03\/magdeburg2022-17-1-2048x1536.jpg 2048w\" sizes=\"(max-width: 1024px) 100vw, 1024px\" \/><\/a><\/figure><\/li><li class=\"blocks-gallery-item\"><figure><a href=\"https:\/\/selid.efos-europa.eu\/wp-content\/uploads\/2022\/03\/magdeburg2022-02-1.jpg\"><img decoding=\"async\" loading=\"lazy\" width=\"1024\" height=\"768\" src=\"https:\/\/selid.efos-europa.eu\/wp-content\/uploads\/2022\/03\/magdeburg2022-02-1-1024x768.jpg\" alt=\"\" data-id=\"1893\" data-full-url=\"https:\/\/selid.efos-europa.eu\/wp-content\/uploads\/2022\/03\/magdeburg2022-02-1.jpg\" data-link=\"https:\/\/selid.efos-europa.eu\/?attachment_id=1893&amp;lang=de\" class=\"wp-image-1893\" srcset=\"https:\/\/selid.efos-europa.eu\/wp-content\/uploads\/2022\/03\/magdeburg2022-02-1-1024x768.jpg 1024w, https:\/\/selid.efos-europa.eu\/wp-content\/uploads\/2022\/03\/magdeburg2022-02-1-300x225.jpg 300w, https:\/\/selid.efos-europa.eu\/wp-content\/uploads\/2022\/03\/magdeburg2022-02-1-768x576.jpg 768w, https:\/\/selid.efos-europa.eu\/wp-content\/uploads\/2022\/03\/magdeburg2022-02-1-1536x1152.jpg 1536w, https:\/\/selid.efos-europa.eu\/wp-content\/uploads\/2022\/03\/magdeburg2022-02-1-2048x1536.jpg 2048w\" sizes=\"(max-width: 1024px) 100vw, 1024px\" \/><\/a><\/figure><\/li><li class=\"blocks-gallery-item\"><figure><a href=\"https:\/\/selid.efos-europa.eu\/wp-content\/uploads\/2022\/03\/magdeburg2022-21-1.jpg\"><img decoding=\"async\" loading=\"lazy\" width=\"1024\" height=\"768\" src=\"https:\/\/selid.efos-europa.eu\/wp-content\/uploads\/2022\/03\/magdeburg2022-21-1-1024x768.jpg\" alt=\"\" data-id=\"1901\" data-full-url=\"https:\/\/selid.efos-europa.eu\/wp-content\/uploads\/2022\/03\/magdeburg2022-21-1.jpg\" data-link=\"https:\/\/selid.efos-europa.eu\/?attachment_id=1901&amp;lang=de\" class=\"wp-image-1901\" srcset=\"https:\/\/selid.efos-europa.eu\/wp-content\/uploads\/2022\/03\/magdeburg2022-21-1-1024x768.jpg 1024w, https:\/\/selid.efos-europa.eu\/wp-content\/uploads\/2022\/03\/magdeburg2022-21-1-300x225.jpg 300w, https:\/\/selid.efos-europa.eu\/wp-content\/uploads\/2022\/03\/magdeburg2022-21-1-768x576.jpg 768w, https:\/\/selid.efos-europa.eu\/wp-content\/uploads\/2022\/03\/magdeburg2022-21-1-1536x1152.jpg 1536w, https:\/\/selid.efos-europa.eu\/wp-content\/uploads\/2022\/03\/magdeburg2022-21-1-2048x1536.jpg 2048w\" sizes=\"(max-width: 1024px) 100vw, 1024px\" \/><\/a><\/figure><\/li><li class=\"blocks-gallery-item\"><figure><a href=\"https:\/\/selid.efos-europa.eu\/wp-content\/uploads\/2022\/03\/magdeburg2022-06-1.jpg\"><img decoding=\"async\" loading=\"lazy\" width=\"1024\" height=\"768\" src=\"https:\/\/selid.efos-europa.eu\/wp-content\/uploads\/2022\/03\/magdeburg2022-06-1-1024x768.jpg\" alt=\"\" data-id=\"1895\" data-full-url=\"https:\/\/selid.efos-europa.eu\/wp-content\/uploads\/2022\/03\/magdeburg2022-06-1.jpg\" data-link=\"https:\/\/selid.efos-europa.eu\/?attachment_id=1895&amp;lang=de\" class=\"wp-image-1895\" srcset=\"https:\/\/selid.efos-europa.eu\/wp-content\/uploads\/2022\/03\/magdeburg2022-06-1-1024x768.jpg 1024w, https:\/\/selid.efos-europa.eu\/wp-content\/uploads\/2022\/03\/magdeburg2022-06-1-300x225.jpg 300w, https:\/\/selid.efos-europa.eu\/wp-content\/uploads\/2022\/03\/magdeburg2022-06-1-768x576.jpg 768w, https:\/\/selid.efos-europa.eu\/wp-content\/uploads\/2022\/03\/magdeburg2022-06-1-1536x1152.jpg 1536w, https:\/\/selid.efos-europa.eu\/wp-content\/uploads\/2022\/03\/magdeburg2022-06-1-2048x1536.jpg 2048w\" sizes=\"(max-width: 1024px) 100vw, 1024px\" \/><\/a><\/figure><\/li><li class=\"blocks-gallery-item\"><figure><a href=\"https:\/\/selid.efos-europa.eu\/wp-content\/uploads\/2022\/03\/magdeburg2022-05-1.jpg\"><img decoding=\"async\" loading=\"lazy\" width=\"1024\" height=\"768\" src=\"https:\/\/selid.efos-europa.eu\/wp-content\/uploads\/2022\/03\/magdeburg2022-05-1-1024x768.jpg\" alt=\"\" data-id=\"1894\" data-full-url=\"https:\/\/selid.efos-europa.eu\/wp-content\/uploads\/2022\/03\/magdeburg2022-05-1.jpg\" data-link=\"https:\/\/selid.efos-europa.eu\/?attachment_id=1894&amp;lang=de\" class=\"wp-image-1894\" srcset=\"https:\/\/selid.efos-europa.eu\/wp-content\/uploads\/2022\/03\/magdeburg2022-05-1-1024x768.jpg 1024w, https:\/\/selid.efos-europa.eu\/wp-content\/uploads\/2022\/03\/magdeburg2022-05-1-300x225.jpg 300w, https:\/\/selid.efos-europa.eu\/wp-content\/uploads\/2022\/03\/magdeburg2022-05-1-768x576.jpg 768w, https:\/\/selid.efos-europa.eu\/wp-content\/uploads\/2022\/03\/magdeburg2022-05-1-1536x1152.jpg 1536w, https:\/\/selid.efos-europa.eu\/wp-content\/uploads\/2022\/03\/magdeburg2022-05-1-2048x1536.jpg 2048w\" sizes=\"(max-width: 1024px) 100vw, 1024px\" \/><\/a><\/figure><\/li><li class=\"blocks-gallery-item\"><figure><a href=\"https:\/\/selid.efos-europa.eu\/wp-content\/uploads\/2022\/03\/magdeburg2022-04-1-rotated.jpg\"><img decoding=\"async\" loading=\"lazy\" width=\"768\" height=\"1024\" src=\"https:\/\/selid.efos-europa.eu\/wp-content\/uploads\/2022\/03\/magdeburg2022-04-1-768x1024.jpg\" alt=\"\" data-id=\"1845\" data-full-url=\"https:\/\/selid.efos-europa.eu\/wp-content\/uploads\/2022\/03\/magdeburg2022-04-1-rotated.jpg\" data-link=\"https:\/\/selid.efos-europa.eu\/?attachment_id=1845&amp;lang=de\" class=\"wp-image-1845\" srcset=\"https:\/\/selid.efos-europa.eu\/wp-content\/uploads\/2022\/03\/magdeburg2022-04-1-768x1024.jpg 768w, https:\/\/selid.efos-europa.eu\/wp-content\/uploads\/2022\/03\/magdeburg2022-04-1-225x300.jpg 225w, https:\/\/selid.efos-europa.eu\/wp-content\/uploads\/2022\/03\/magdeburg2022-04-1-1152x1536.jpg 1152w, https:\/\/selid.efos-europa.eu\/wp-content\/uploads\/2022\/03\/magdeburg2022-04-1-1536x2048.jpg 1536w, https:\/\/selid.efos-europa.eu\/wp-content\/uploads\/2022\/03\/magdeburg2022-04-1-rotated.jpg 1800w\" sizes=\"(max-width: 768px) 100vw, 768px\" \/><\/a><\/figure><\/li><li class=\"blocks-gallery-item\"><figure><a href=\"https:\/\/selid.efos-europa.eu\/wp-content\/uploads\/2022\/03\/magdeburg2022-18-1-scaled.jpg\"><img decoding=\"async\" loading=\"lazy\" width=\"1024\" height=\"768\" src=\"https:\/\/selid.efos-europa.eu\/wp-content\/uploads\/2022\/03\/magdeburg2022-18-1-1024x768.jpg\" alt=\"\" data-id=\"1898\" data-full-url=\"https:\/\/selid.efos-europa.eu\/wp-content\/uploads\/2022\/03\/magdeburg2022-18-1-scaled.jpg\" data-link=\"https:\/\/selid.efos-europa.eu\/?attachment_id=1898&amp;lang=de\" class=\"wp-image-1898\" srcset=\"https:\/\/selid.efos-europa.eu\/wp-content\/uploads\/2022\/03\/magdeburg2022-18-1-1024x768.jpg 1024w, https:\/\/selid.efos-europa.eu\/wp-content\/uploads\/2022\/03\/magdeburg2022-18-1-300x225.jpg 300w, https:\/\/selid.efos-europa.eu\/wp-content\/uploads\/2022\/03\/magdeburg2022-18-1-768x576.jpg 768w, https:\/\/selid.efos-europa.eu\/wp-content\/uploads\/2022\/03\/magdeburg2022-18-1-1536x1152.jpg 1536w, https:\/\/selid.efos-europa.eu\/wp-content\/uploads\/2022\/03\/magdeburg2022-18-1-2048x1536.jpg 2048w\" sizes=\"(max-width: 1024px) 100vw, 1024px\" \/><\/a><\/figure><\/li><li class=\"blocks-gallery-item\"><figure><a href=\"https:\/\/selid.efos-europa.eu\/wp-content\/uploads\/2022\/03\/magdeburg2022-13-1.jpg\"><img decoding=\"async\" loading=\"lazy\" width=\"1024\" height=\"768\" src=\"https:\/\/selid.efos-europa.eu\/wp-content\/uploads\/2022\/03\/magdeburg2022-13-1-1024x768.jpg\" alt=\"\" data-id=\"1853\" data-full-url=\"https:\/\/selid.efos-europa.eu\/wp-content\/uploads\/2022\/03\/magdeburg2022-13-1.jpg\" data-link=\"https:\/\/selid.efos-europa.eu\/?attachment_id=1853&amp;lang=de\" class=\"wp-image-1853\" srcset=\"https:\/\/selid.efos-europa.eu\/wp-content\/uploads\/2022\/03\/magdeburg2022-13-1-1024x768.jpg 1024w, https:\/\/selid.efos-europa.eu\/wp-content\/uploads\/2022\/03\/magdeburg2022-13-1-300x225.jpg 300w, https:\/\/selid.efos-europa.eu\/wp-content\/uploads\/2022\/03\/magdeburg2022-13-1-768x576.jpg 768w, https:\/\/selid.efos-europa.eu\/wp-content\/uploads\/2022\/03\/magdeburg2022-13-1-1536x1152.jpg 1536w, https:\/\/selid.efos-europa.eu\/wp-content\/uploads\/2022\/03\/magdeburg2022-13-1-2048x1536.jpg 2048w\" sizes=\"(max-width: 1024px) 100vw, 1024px\" \/><\/a><\/figure><\/li><li class=\"blocks-gallery-item\"><figure><a href=\"https:\/\/selid.efos-europa.eu\/wp-content\/uploads\/2022\/03\/magdeburg2022-20-1.jpg\"><img decoding=\"async\" loading=\"lazy\" width=\"1024\" height=\"768\" src=\"https:\/\/selid.efos-europa.eu\/wp-content\/uploads\/2022\/03\/magdeburg2022-20-1-1024x768.jpg\" alt=\"\" data-id=\"1900\" data-full-url=\"https:\/\/selid.efos-europa.eu\/wp-content\/uploads\/2022\/03\/magdeburg2022-20-1.jpg\" data-link=\"https:\/\/selid.efos-europa.eu\/?attachment_id=1900&amp;lang=de\" class=\"wp-image-1900\" srcset=\"https:\/\/selid.efos-europa.eu\/wp-content\/uploads\/2022\/03\/magdeburg2022-20-1-1024x768.jpg 1024w, https:\/\/selid.efos-europa.eu\/wp-content\/uploads\/2022\/03\/magdeburg2022-20-1-300x225.jpg 300w, https:\/\/selid.efos-europa.eu\/wp-content\/uploads\/2022\/03\/magdeburg2022-20-1-768x576.jpg 768w, https:\/\/selid.efos-europa.eu\/wp-content\/uploads\/2022\/03\/magdeburg2022-20-1-1536x1152.jpg 1536w, https:\/\/selid.efos-europa.eu\/wp-content\/uploads\/2022\/03\/magdeburg2022-20-1-2048x1536.jpg 2048w\" sizes=\"(max-width: 1024px) 100vw, 1024px\" \/><\/a><\/figure><\/li><li class=\"blocks-gallery-item\"><figure><a href=\"https:\/\/selid.efos-europa.eu\/wp-content\/uploads\/2022\/03\/magdeburg2022-11-1.jpg\"><img decoding=\"async\" loading=\"lazy\" width=\"1024\" height=\"768\" src=\"https:\/\/selid.efos-europa.eu\/wp-content\/uploads\/2022\/03\/magdeburg2022-11-1-1024x768.jpg\" alt=\"\" data-id=\"1852\" data-full-url=\"https:\/\/selid.efos-europa.eu\/wp-content\/uploads\/2022\/03\/magdeburg2022-11-1.jpg\" data-link=\"https:\/\/selid.efos-europa.eu\/?attachment_id=1852&amp;lang=de\" class=\"wp-image-1852\" srcset=\"https:\/\/selid.efos-europa.eu\/wp-content\/uploads\/2022\/03\/magdeburg2022-11-1-1024x768.jpg 1024w, https:\/\/selid.efos-europa.eu\/wp-content\/uploads\/2022\/03\/magdeburg2022-11-1-300x225.jpg 300w, https:\/\/selid.efos-europa.eu\/wp-content\/uploads\/2022\/03\/magdeburg2022-11-1-768x576.jpg 768w, https:\/\/selid.efos-europa.eu\/wp-content\/uploads\/2022\/03\/magdeburg2022-11-1-1536x1152.jpg 1536w, https:\/\/selid.efos-europa.eu\/wp-content\/uploads\/2022\/03\/magdeburg2022-11-1-2048x1536.jpg 2048w\" sizes=\"(max-width: 1024px) 100vw, 1024px\" \/><\/a><\/figure><\/li><li class=\"blocks-gallery-item\"><figure><a href=\"https:\/\/selid.efos-europa.eu\/wp-content\/uploads\/2022\/03\/magdeburg2022-10-1.jpg\"><img decoding=\"async\" loading=\"lazy\" width=\"1024\" height=\"768\" src=\"https:\/\/selid.efos-europa.eu\/wp-content\/uploads\/2022\/03\/magdeburg2022-10-1-1024x768.jpg\" alt=\"\" data-id=\"1851\" data-full-url=\"https:\/\/selid.efos-europa.eu\/wp-content\/uploads\/2022\/03\/magdeburg2022-10-1.jpg\" data-link=\"https:\/\/selid.efos-europa.eu\/?attachment_id=1851&amp;lang=de\" class=\"wp-image-1851\" srcset=\"https:\/\/selid.efos-europa.eu\/wp-content\/uploads\/2022\/03\/magdeburg2022-10-1-1024x768.jpg 1024w, https:\/\/selid.efos-europa.eu\/wp-content\/uploads\/2022\/03\/magdeburg2022-10-1-300x225.jpg 300w, https:\/\/selid.efos-europa.eu\/wp-content\/uploads\/2022\/03\/magdeburg2022-10-1-768x576.jpg 768w, https:\/\/selid.efos-europa.eu\/wp-content\/uploads\/2022\/03\/magdeburg2022-10-1-1536x1152.jpg 1536w, https:\/\/selid.efos-europa.eu\/wp-content\/uploads\/2022\/03\/magdeburg2022-10-1-2048x1536.jpg 2048w\" sizes=\"(max-width: 1024px) 100vw, 1024px\" \/><\/a><\/figure><\/li><li class=\"blocks-gallery-item\"><figure><a href=\"https:\/\/selid.efos-europa.eu\/wp-content\/uploads\/2022\/03\/magdeburg2022-08-1-rotated.jpg\"><img decoding=\"async\" loading=\"lazy\" width=\"768\" height=\"1024\" src=\"https:\/\/selid.efos-europa.eu\/wp-content\/uploads\/2022\/03\/magdeburg2022-08-1-768x1024.jpg\" alt=\"\" data-id=\"1849\" data-full-url=\"https:\/\/selid.efos-europa.eu\/wp-content\/uploads\/2022\/03\/magdeburg2022-08-1-rotated.jpg\" data-link=\"https:\/\/selid.efos-europa.eu\/?attachment_id=1849&amp;lang=de\" class=\"wp-image-1849\" srcset=\"https:\/\/selid.efos-europa.eu\/wp-content\/uploads\/2022\/03\/magdeburg2022-08-1-768x1024.jpg 768w, https:\/\/selid.efos-europa.eu\/wp-content\/uploads\/2022\/03\/magdeburg2022-08-1-225x300.jpg 225w, https:\/\/selid.efos-europa.eu\/wp-content\/uploads\/2022\/03\/magdeburg2022-08-1-1152x1536.jpg 1152w, https:\/\/selid.efos-europa.eu\/wp-content\/uploads\/2022\/03\/magdeburg2022-08-1-1536x2048.jpg 1536w, https:\/\/selid.efos-europa.eu\/wp-content\/uploads\/2022\/03\/magdeburg2022-08-1-rotated.jpg 1800w\" sizes=\"(max-width: 768px) 100vw, 768px\" \/><\/a><\/figure><\/li><li class=\"blocks-gallery-item\"><figure><a href=\"https:\/\/selid.efos-europa.eu\/wp-content\/uploads\/2022\/03\/magdeburg2022-07-1.jpg\"><img decoding=\"async\" loading=\"lazy\" width=\"1024\" height=\"768\" src=\"https:\/\/selid.efos-europa.eu\/wp-content\/uploads\/2022\/03\/magdeburg2022-07-1-1024x768.jpg\" alt=\"\" data-id=\"1848\" data-full-url=\"https:\/\/selid.efos-europa.eu\/wp-content\/uploads\/2022\/03\/magdeburg2022-07-1.jpg\" data-link=\"https:\/\/selid.efos-europa.eu\/?attachment_id=1848&amp;lang=de\" class=\"wp-image-1848\" srcset=\"https:\/\/selid.efos-europa.eu\/wp-content\/uploads\/2022\/03\/magdeburg2022-07-1-1024x768.jpg 1024w, https:\/\/selid.efos-europa.eu\/wp-content\/uploads\/2022\/03\/magdeburg2022-07-1-300x225.jpg 300w, https:\/\/selid.efos-europa.eu\/wp-content\/uploads\/2022\/03\/magdeburg2022-07-1-768x576.jpg 768w, https:\/\/selid.efos-europa.eu\/wp-content\/uploads\/2022\/03\/magdeburg2022-07-1-1536x1152.jpg 1536w, https:\/\/selid.efos-europa.eu\/wp-content\/uploads\/2022\/03\/magdeburg2022-07-1-2048x1536.jpg 2048w\" sizes=\"(max-width: 1024px) 100vw, 1024px\" \/><\/a><\/figure><\/li><li class=\"blocks-gallery-item\"><figure><a href=\"https:\/\/selid.efos-europa.eu\/wp-content\/uploads\/2022\/03\/magdeburg2022-03-1.jpg\"><img decoding=\"async\" loading=\"lazy\" width=\"1024\" height=\"768\" src=\"https:\/\/selid.efos-europa.eu\/wp-content\/uploads\/2022\/03\/magdeburg2022-03-1-1024x768.jpg\" alt=\"\" data-id=\"1844\" data-full-url=\"https:\/\/selid.efos-europa.eu\/wp-content\/uploads\/2022\/03\/magdeburg2022-03-1.jpg\" data-link=\"https:\/\/selid.efos-europa.eu\/?attachment_id=1844&amp;lang=de\" class=\"wp-image-1844\" srcset=\"https:\/\/selid.efos-europa.eu\/wp-content\/uploads\/2022\/03\/magdeburg2022-03-1-1024x768.jpg 1024w, https:\/\/selid.efos-europa.eu\/wp-content\/uploads\/2022\/03\/magdeburg2022-03-1-300x225.jpg 300w, https:\/\/selid.efos-europa.eu\/wp-content\/uploads\/2022\/03\/magdeburg2022-03-1-768x576.jpg 768w, https:\/\/selid.efos-europa.eu\/wp-content\/uploads\/2022\/03\/magdeburg2022-03-1-1536x1152.jpg 1536w, https:\/\/selid.efos-europa.eu\/wp-content\/uploads\/2022\/03\/magdeburg2022-03-1-2048x1536.jpg 2048w\" sizes=\"(max-width: 1024px) 100vw, 1024px\" \/><\/a><\/figure><\/li><li class=\"blocks-gallery-item\"><figure><a href=\"https:\/\/selid.efos-europa.eu\/wp-content\/uploads\/2022\/03\/magdeburg2022-14-1.jpg\"><img decoding=\"async\" loading=\"lazy\" width=\"1024\" height=\"768\" src=\"https:\/\/selid.efos-europa.eu\/wp-content\/uploads\/2022\/03\/magdeburg2022-14-1-1024x768.jpg\" alt=\"\" data-id=\"1854\" data-full-url=\"https:\/\/selid.efos-europa.eu\/wp-content\/uploads\/2022\/03\/magdeburg2022-14-1.jpg\" data-link=\"https:\/\/selid.efos-europa.eu\/?attachment_id=1854&amp;lang=de\" class=\"wp-image-1854\" srcset=\"https:\/\/selid.efos-europa.eu\/wp-content\/uploads\/2022\/03\/magdeburg2022-14-1-1024x768.jpg 1024w, https:\/\/selid.efos-europa.eu\/wp-content\/uploads\/2022\/03\/magdeburg2022-14-1-300x225.jpg 300w, https:\/\/selid.efos-europa.eu\/wp-content\/uploads\/2022\/03\/magdeburg2022-14-1-768x576.jpg 768w, https:\/\/selid.efos-europa.eu\/wp-content\/uploads\/2022\/03\/magdeburg2022-14-1-1536x1152.jpg 1536w, https:\/\/selid.efos-europa.eu\/wp-content\/uploads\/2022\/03\/magdeburg2022-14-1-2048x1536.jpg 2048w\" sizes=\"(max-width: 1024px) 100vw, 1024px\" \/><\/a><\/figure><\/li><li class=\"blocks-gallery-item\"><figure><a href=\"https:\/\/selid.efos-europa.eu\/wp-content\/uploads\/2022\/03\/magdeburg2022-16-1.jpg\"><img decoding=\"async\" loading=\"lazy\" width=\"1024\" height=\"768\" src=\"https:\/\/selid.efos-europa.eu\/wp-content\/uploads\/2022\/03\/magdeburg2022-16-1-1024x768.jpg\" alt=\"\" data-id=\"1896\" data-full-url=\"https:\/\/selid.efos-europa.eu\/wp-content\/uploads\/2022\/03\/magdeburg2022-16-1.jpg\" data-link=\"https:\/\/selid.efos-europa.eu\/?attachment_id=1896&amp;lang=de\" class=\"wp-image-1896\" srcset=\"https:\/\/selid.efos-europa.eu\/wp-content\/uploads\/2022\/03\/magdeburg2022-16-1-1024x768.jpg 1024w, https:\/\/selid.efos-europa.eu\/wp-content\/uploads\/2022\/03\/magdeburg2022-16-1-300x225.jpg 300w, https:\/\/selid.efos-europa.eu\/wp-content\/uploads\/2022\/03\/magdeburg2022-16-1-768x576.jpg 768w, https:\/\/selid.efos-europa.eu\/wp-content\/uploads\/2022\/03\/magdeburg2022-16-1-1536x1152.jpg 1536w, https:\/\/selid.efos-europa.eu\/wp-content\/uploads\/2022\/03\/magdeburg2022-16-1-2048x1536.jpg 2048w\" sizes=\"(max-width: 1024px) 100vw, 1024px\" \/><\/a><\/figure><\/li><li class=\"blocks-gallery-item\"><figure><a href=\"https:\/\/selid.efos-europa.eu\/wp-content\/uploads\/2022\/03\/magdeburg2022-19-1-scaled.jpg\"><img decoding=\"async\" loading=\"lazy\" width=\"1024\" height=\"768\" src=\"https:\/\/selid.efos-europa.eu\/wp-content\/uploads\/2022\/03\/magdeburg2022-19-1-1024x768.jpg\" alt=\"\" data-id=\"1899\" data-full-url=\"https:\/\/selid.efos-europa.eu\/wp-content\/uploads\/2022\/03\/magdeburg2022-19-1-scaled.jpg\" data-link=\"https:\/\/selid.efos-europa.eu\/?attachment_id=1899&amp;lang=de\" class=\"wp-image-1899\" srcset=\"https:\/\/selid.efos-europa.eu\/wp-content\/uploads\/2022\/03\/magdeburg2022-19-1-1024x768.jpg 1024w, https:\/\/selid.efos-europa.eu\/wp-content\/uploads\/2022\/03\/magdeburg2022-19-1-300x225.jpg 300w, https:\/\/selid.efos-europa.eu\/wp-content\/uploads\/2022\/03\/magdeburg2022-19-1-768x576.jpg 768w, https:\/\/selid.efos-europa.eu\/wp-content\/uploads\/2022\/03\/magdeburg2022-19-1-1536x1152.jpg 1536w, https:\/\/selid.efos-europa.eu\/wp-content\/uploads\/2022\/03\/magdeburg2022-19-1-2048x1536.jpg 2048w\" sizes=\"(max-width: 1024px) 100vw, 1024px\" \/><\/a><\/figure><\/li><\/ul><\/figure>\n\n\n\n<h5>Pr\u00e4sentationen:<\/h5>\n\n\n\n<p><a rel=\"noreferrer noopener\" href=\"https:\/\/selid.efos-europa.eu\/wp-content\/uploads\/2022\/03\/Magdeburg-2022-Selid-plans-and-instructions.pdf\" target=\"_blank\">SeLiD Planuing und Instruktionen  pdf Format<\/a><br><a rel=\"noreferrer noopener\" href=\"https:\/\/selid.efos-europa.eu\/wp-content\/uploads\/2022\/03\/Magdeburg-2022-presentation-Bratislava.pdf\" target=\"_blank\">Pr\u00e4sentation Bratislava   pdf Format<\/a><br><a rel=\"noreferrer noopener\" href=\"https:\/\/selid.efos-europa.eu\/wp-content\/uploads\/2022\/03\/Magdeburg-2022-presentation-Chemnitz.pdf\" target=\"_blank\">Pr\u00e4sentation Chemnitz  pdf Format<\/a><br><a rel=\"noreferrer noopener\" href=\"https:\/\/selid.efos-europa.eu\/wp-content\/uploads\/2022\/03\/Magdeburg-2022-Alicante-Training-Needs-1.pdf\" target=\"_blank\">Pr\u00e4sentation Alicante pdf Format<\/a><br><a rel=\"noreferrer noopener\" href=\"https:\/\/selid.efos-europa.eu\/wp-content\/uploads\/2022\/04\/Magdeburg-2022-Presentation-Felix_Dabitz.pdf\" target=\"_blank\">Pr\u00e4sentation Annika Felix &amp; Jasmin Dabitz Magdeburg  pdf Format<\/a><br><a href=\"https:\/\/selid.efos-europa.eu\/wp-content\/uploads\/2022\/04\/Magdeburg-2022-Presentation-Uppsala.pdf\" target=\"_blank\" rel=\"noreferrer noopener\">Pr\u00e4sentation Uppsala  pdf  Format<\/a><\/p>\n","protected":false},"excerpt":{"rendered":"<p>Vom 10. bis 12. M\u00e4rz 2022 trafen sich die Projectpartner zu ihrer Abschlusstagung in Magdeburg. Einige Teilnehmer wurden online zugeschaltet. Die Pojekttagung wurde kombiniert mit &hellip; <\/p>\n","protected":false},"author":2,"featured_media":0,"parent":0,"menu_order":0,"comment_status":"closed","ping_status":"closed","template":"","meta":[],"_links":{"self":[{"href":"https:\/\/selid.efos-europa.eu\/index.php?rest_route=\/wp\/v2\/pages\/1815"}],"collection":[{"href":"https:\/\/selid.efos-europa.eu\/index.php?rest_route=\/wp\/v2\/pages"}],"about":[{"href":"https:\/\/selid.efos-europa.eu\/index.php?rest_route=\/wp\/v2\/types\/page"}],"author":[{"embeddable":true,"href":"https:\/\/selid.efos-europa.eu\/index.php?rest_route=\/wp\/v2\/users\/2"}],"replies":[{"embeddable":true,"href":"https:\/\/selid.efos-europa.eu\/index.php?rest_route=%2Fwp%2Fv2%2Fcomments&post=1815"}],"version-history":[{"count":23,"href":"https:\/\/selid.efos-europa.eu\/index.php?rest_route=\/wp\/v2\/pages\/1815\/revisions"}],"predecessor-version":[{"id":1972,"href":"https:\/\/selid.efos-europa.eu\/index.php?rest_route=\/wp\/v2\/pages\/1815\/revisions\/1972"}],"wp:attachment":[{"href":"https:\/\/selid.efos-europa.eu\/index.php?rest_route=%2Fwp%2Fv2%2Fmedia&parent=1815"}],"curies":[{"name":"wp","href":"https:\/\/api.w.org\/{rel}","templated":true}]}}