{"id":25,"date":"2019-12-15T15:22:01","date_gmt":"2019-12-15T15:22:01","guid":{"rendered":"https:\/\/selid.efos-europa.eu\/?page_id=25"},"modified":"2022-04-25T18:44:34","modified_gmt":"2022-04-25T18:44:34","slug":"results","status":"publish","type":"page","link":"https:\/\/selid.efos-europa.eu\/?page_id=25&lang=de","title":{"rendered":"Resultate"},"content":{"rendered":"\n<h2><strong>Ergebnisse in Buchform<\/strong><\/h2>\n\n\n\n<p>Die Ergebnisse des Projekts sind auf Englisch geb\u00fcndelt im Buch<strong> <a rel=\"noreferrer noopener\" href=\"https:\/\/selid.efos-europa.eu\/wp-content\/uploads\/2022\/04\/Booklet-SeLiD-deutsch-.pdf\" target=\"_blank\">&#8220;Seniors&#8217;Learning in the Digital Society&#8221;<\/a><\/strong>, das hier in Deutsch heruntergeladen werden kann. (4 MB)<\/p>\n\n\n\n<div class=\"wp-block-image\"><figure class=\"aligncenter size-large is-resized\"><img decoding=\"async\" loading=\"lazy\" src=\"https:\/\/selid.efos-europa.eu\/wp-content\/uploads\/2022\/03\/Booklet-front-page.jpg\" alt=\"\" width=\"203\" height=\"300\"\/><\/figure><\/div>\n\n\n\n<h2><strong>Projektpartner:<\/strong><\/h2>\n\n\n\n<p><strong><a href=\"https:\/\/selid.efos-europa.eu\/?page_id=929&amp;lang=de\">Alicante<\/a><\/strong><br><a href=\"https:\/\/selid.efos-europa.eu\/?page_id=839&amp;lang=de\"><strong>Bratislava<\/strong><\/a><br><a href=\"https:\/\/selid.efos-europa.eu\/?page_id=1339&amp;lang=de\" data-type=\"page\" data-id=\"1339\"><strong>Brno<\/strong><\/a><br><a href=\"https:\/\/selid.efos-europa.eu\/?page_id=1219&amp;lang=de\" data-type=\"page\" data-id=\"1219\"><strong>Chemnitz<\/strong><\/a><br><a href=\"https:\/\/selid.efos-europa.eu\/?page_id=900&amp;lang=de\"><strong>Dresden<\/strong><\/a><br><a href=\"https:\/\/selid.efos-europa.eu\/?page_id=1205&amp;lang=de\" data-type=\"page\" data-id=\"1205\"><strong>Magdeburg<\/strong><\/a><br><a href=\"https:\/\/selid.efos-europa.eu\/?page_id=937&amp;lang=de\"><strong>Uppsala<\/strong><\/a><br><strong><a href=\"https:\/\/selid.efos-europa.eu\/?page_id=1026&amp;lang=de\">Wroclaw<\/a><\/strong> <\/p>\n\n\n\n<h2><strong>Assoziierte Partner:<\/strong><\/h2>\n\n\n\n<p>\u00d6sterreich<br><strong><a href=\"https:\/\/selid.efos-europa.eu\/?page_id=875&amp;lang=de\" data-type=\"page\" data-id=\"875\">Groningen<\/a><\/strong><br><a href=\"https:\/\/selid.efos-europa.eu\/?page_id=1477&amp;lang=de\" data-type=\"page\" data-id=\"1477\"><strong>Vereinigtes K\u00f6nigreich<\/strong><\/a><\/p>\n\n\n\n<p>Weitere Informationen \u00fcber die Aktivit\u00e4ten der Partner sind zu finden in de Pr\u00e4sentationen der verschiedenen Treffen, zu erreichen \u00fcber die Seite &#8220;<a href=\"https:\/\/selid.efos-europa.eu\/?page_id=373&amp;lang=de\" data-type=\"page\" data-id=\"373\">Der Prozess<\/a>&#8220;.<\/p>\n","protected":false},"excerpt":{"rendered":"<p>Ergebnisse in Buchform Die Ergebnisse des Projekts sind auf Englisch geb\u00fcndelt im Buch &#8220;Seniors&#8217;Learning in the Digital Society&#8221;, das hier in Deutsch heruntergeladen werden kann. &hellip; <\/p>\n","protected":false},"author":2,"featured_media":0,"parent":0,"menu_order":0,"comment_status":"closed","ping_status":"closed","template":"","meta":[],"_links":{"self":[{"href":"https:\/\/selid.efos-europa.eu\/index.php?rest_route=\/wp\/v2\/pages\/25"}],"collection":[{"href":"https:\/\/selid.efos-europa.eu\/index.php?rest_route=\/wp\/v2\/pages"}],"about":[{"href":"https:\/\/selid.efos-europa.eu\/index.php?rest_route=\/wp\/v2\/types\/page"}],"author":[{"embeddable":true,"href":"https:\/\/selid.efos-europa.eu\/index.php?rest_route=\/wp\/v2\/users\/2"}],"replies":[{"embeddable":true,"href":"https:\/\/selid.efos-europa.eu\/index.php?rest_route=%2Fwp%2Fv2%2Fcomments&post=25"}],"version-history":[{"count":30,"href":"https:\/\/selid.efos-europa.eu\/index.php?rest_route=\/wp\/v2\/pages\/25\/revisions"}],"predecessor-version":[{"id":1976,"href":"https:\/\/selid.efos-europa.eu\/index.php?rest_route=\/wp\/v2\/pages\/25\/revisions\/1976"}],"wp:attachment":[{"href":"https:\/\/selid.efos-europa.eu\/index.php?rest_route=%2Fwp%2Fv2%2Fmedia&parent=25"}],"curies":[{"name":"wp","href":"https:\/\/api.w.org\/{rel}","templated":true}]}}