{"id":387,"date":"2020-01-10T17:33:59","date_gmt":"2020-01-10T17:33:59","guid":{"rendered":"https:\/\/selid.efos-europa.eu\/?page_id=387"},"modified":"2020-01-22T12:50:32","modified_gmt":"2020-01-22T12:50:32","slug":"uber","status":"publish","type":"page","link":"https:\/\/selid.efos-europa.eu\/?page_id=387&lang=de","title":{"rendered":"Home"},"content":{"rendered":"\n<p class=\"has-large-font-size\"><strong>Senior&#8217;s Learning in the Digital Society<\/strong><\/p>\n\n\n\n<div class=\"wp-block-image\"><figure class=\"aligncenter size-large is-resized\"><a href=\"https:\/\/selid.efos-europa.eu\/wp-content\/uploads\/2020\/01\/IMG_2494-1-scaled.jpg\"><img decoding=\"async\" src=\"https:\/\/selid.efos-europa.eu\/wp-content\/uploads\/2020\/01\/Collage-Selid-1.jpg\" alt=\"\" class=\"wp-image-579\" width=\"600\" srcset=\"https:\/\/selid.efos-europa.eu\/wp-content\/uploads\/2020\/01\/Collage-Selid-1.jpg 960w, https:\/\/selid.efos-europa.eu\/wp-content\/uploads\/2020\/01\/Collage-Selid-1-300x225.jpg 300w, https:\/\/selid.efos-europa.eu\/wp-content\/uploads\/2020\/01\/Collage-Selid-1-768x576.jpg 768w\" sizes=\"(max-width: 960px) 100vw, 960px\" \/><\/a><\/figure><\/div>\n\n\n\n<p>Das Projekt richtet sich an \u00e4ltere Studierende und \u00e4ltere Menschen im Allgemeinen, um ihre digitalen F\u00e4higkeiten und Kenntnisse zu verbessern und zu entwickeln. F\u00fcr eine flexiblere Nutzung der IKT im Alltag und f\u00fcr eine aktive B\u00fcrgerschaft ben\u00f6tigen sie eine spezielle Aus- und Weiterbildung in vielen Bereichen. Viele von ihnen haben Angst vor der digitalen Kommunikation mit Regierungsbeh\u00f6rden, digitalen und technischen Ger\u00e4ten zu Hause, neuen IKT-Programmen und der Arbeit im Internet in Anbetracht m\u00f6glicher Bedrohungen ihrer Sicherheit. Um sie in ihrem Alltag und in der digitalen Gesellschaft flexibler zu machen, brauchen sie neue Erfahrungen und neue technische F\u00e4higkeiten. Zwei Hauptgruppen \u00e4lterer Menschen engagieren sich besonders f\u00fcr das Projekt: die \u00e4lteren Studierenden, die eine Rolle als Berater spielen werden, und die \u00e4lteren Menschen, die vor dem Projekt kaum IKT und DT genutzt haben und F\u00f6rderung und Ausbildung. <\/p>\n\n\n\n<p>Hauptziele sind eine offene Bildung und innovative Praktiken im digitalen Zeitalter, die sich auf die Verbesserung und Ausweitung hochwertiger Lernangebote f\u00fcr digitale Technologien und IKT konzentrieren, und sich auf die Bed\u00fcrfnisse gering qualifizierter Erwachsener zugeschnitten sind. <\/p>\n","protected":false},"excerpt":{"rendered":"<p>Senior&#8217;s Learning in the Digital Society Das Projekt richtet sich an \u00e4ltere Studierende und \u00e4ltere Menschen im Allgemeinen, um ihre digitalen F\u00e4higkeiten und Kenntnisse zu &hellip; <\/p>\n","protected":false},"author":2,"featured_media":0,"parent":0,"menu_order":0,"comment_status":"closed","ping_status":"closed","template":"","meta":[],"_links":{"self":[{"href":"https:\/\/selid.efos-europa.eu\/index.php?rest_route=\/wp\/v2\/pages\/387"}],"collection":[{"href":"https:\/\/selid.efos-europa.eu\/index.php?rest_route=\/wp\/v2\/pages"}],"about":[{"href":"https:\/\/selid.efos-europa.eu\/index.php?rest_route=\/wp\/v2\/types\/page"}],"author":[{"embeddable":true,"href":"https:\/\/selid.efos-europa.eu\/index.php?rest_route=\/wp\/v2\/users\/2"}],"replies":[{"embeddable":true,"href":"https:\/\/selid.efos-europa.eu\/index.php?rest_route=%2Fwp%2Fv2%2Fcomments&post=387"}],"version-history":[{"count":13,"href":"https:\/\/selid.efos-europa.eu\/index.php?rest_route=\/wp\/v2\/pages\/387\/revisions"}],"predecessor-version":[{"id":1814,"href":"https:\/\/selid.efos-europa.eu\/index.php?rest_route=\/wp\/v2\/pages\/387\/revisions\/1814"}],"wp:attachment":[{"href":"https:\/\/selid.efos-europa.eu\/index.php?rest_route=%2Fwp%2Fv2%2Fmedia&parent=387"}],"curies":[{"name":"wp","href":"https:\/\/api.w.org\/{rel}","templated":true}]}}