{"id":404,"date":"2020-01-10T17:54:48","date_gmt":"2020-01-10T17:54:48","guid":{"rendered":"https:\/\/selid.efos-europa.eu\/?page_id=404"},"modified":"2021-03-09T15:16:04","modified_gmt":"2021-03-09T15:16:04","slug":"kontakt","status":"publish","type":"page","link":"https:\/\/selid.efos-europa.eu\/?page_id=404&lang=de","title":{"rendered":"Kontakt"},"content":{"rendered":"\n<p><strong>Projekt Koordinator<\/strong>:<\/p>\n\n\n\n<p>PhDr. Nade\u017eda Hrapkov\u00e1, PhD.   (EN, SK, CZ)<br>Centre for Continuing Education<br>Comenius Universit\u00e4t in Bratislava<br>Odbojarov 10\/a, 83104 Bratislava, Slowakei<br>tel. +4212\/50117700  mobile +421\/911233758<br>e-mail:&nbsp;&nbsp;<a href=\"javascript:linkTo_UnCryptMailto('nbjmup+Obefaeb\/IsbqlpwbAhnbjm\/dpn');\">Nadezda.Hrapkova(at)gmail.com<\/a><\/p>\n\n\n\n<p>und<br><br>PhDr. Katarina Grunwald    (DE, EN, SK)<br>tel. \u00a0mobile: +421904800472<br>e-mail:\u00a0<a href=\"javascript:linkTo_UnCryptMailto('nbjmup+l_hsvoxbmeApsbohfnbjm\/tl');\">k_grunwald(at)orangemail.sk<\/a>\u00a0<br><br><br><br>Kommentare und Anregungen zu dieser Internetseite sind uns sehr willkommen. Bitte richten Sie diese an<\/p>\n\n\n\n<p>Peter Hug<br>e-mail:&nbsp;<a href=\"javascript:linkTo_UnCryptMailto('nbjmup+t\/q\/ivhAqmbofu\/om');\">s.p.hug(at)planet.nl<\/a><\/p>\n","protected":false},"excerpt":{"rendered":"<p>Projekt Koordinator: PhDr. Nade\u017eda Hrapkov\u00e1, PhD. (EN, SK, CZ)Centre for Continuing EducationComenius Universit\u00e4t in BratislavaOdbojarov 10\/a, 83104 Bratislava, Slowakeitel. +4212\/50117700 mobile +421\/911233758e-mail:&nbsp;&nbsp;Nadezda.Hrapkova(at)gmail.com und PhDr. Katarina &hellip; <\/p>\n","protected":false},"author":2,"featured_media":0,"parent":0,"menu_order":0,"comment_status":"closed","ping_status":"closed","template":"","meta":[],"_links":{"self":[{"href":"https:\/\/selid.efos-europa.eu\/index.php?rest_route=\/wp\/v2\/pages\/404"}],"collection":[{"href":"https:\/\/selid.efos-europa.eu\/index.php?rest_route=\/wp\/v2\/pages"}],"about":[{"href":"https:\/\/selid.efos-europa.eu\/index.php?rest_route=\/wp\/v2\/types\/page"}],"author":[{"embeddable":true,"href":"https:\/\/selid.efos-europa.eu\/index.php?rest_route=\/wp\/v2\/users\/2"}],"replies":[{"embeddable":true,"href":"https:\/\/selid.efos-europa.eu\/index.php?rest_route=%2Fwp%2Fv2%2Fcomments&post=404"}],"version-history":[{"count":5,"href":"https:\/\/selid.efos-europa.eu\/index.php?rest_route=\/wp\/v2\/pages\/404\/revisions"}],"predecessor-version":[{"id":1045,"href":"https:\/\/selid.efos-europa.eu\/index.php?rest_route=\/wp\/v2\/pages\/404\/revisions\/1045"}],"wp:attachment":[{"href":"https:\/\/selid.efos-europa.eu\/index.php?rest_route=%2Fwp%2Fv2%2Fmedia&parent=404"}],"curies":[{"name":"wp","href":"https:\/\/api.w.org\/{rel}","templated":true}]}}