{"id":841,"date":"2020-11-18T09:23:35","date_gmt":"2020-11-18T09:23:35","guid":{"rendered":"https:\/\/selid.efos-europa.eu\/?page_id=841"},"modified":"2021-06-22T15:32:05","modified_gmt":"2021-06-22T15:32:05","slug":"results-bratislava","status":"publish","type":"page","link":"https:\/\/selid.efos-europa.eu\/?page_id=841","title":{"rendered":"Results Bratislava"},"content":{"rendered":"\n<p><a rel=\"noreferrer noopener\" aria-label=\"Survey on the use of digital technologies    pdf format (opens in a new tab)\" href=\"https:\/\/selid.efos-europa.eu\/wp-content\/uploads\/2020\/11\/Bratislava-Use-of-Digital-Technologies-17.11.2020.pdf\" target=\"_blank\">Survey on the use of digital technologies    pdf format<\/a><\/p>\n\n\n\n<p><a rel=\"noreferrer noopener\" href=\"https:\/\/selid.efos-europa.eu\/wp-content\/uploads\/2021\/05\/Bratislava-How-we-see-the-future.pdf\" target=\"_blank\">How we see the future  pdf format<\/a>  (English) <a href=\"https:\/\/selid.efos-europa.eu\/wp-content\/uploads\/2021\/06\/Digitalizacia-u-starsich-ludi-final.pdf\" target=\"_blank\" rel=\"noreferrer noopener\">  Ako vid\u00edme bud\u00facnos\u0165 star\u0161\u00edch \u013eud\u00ed v digit\u00e1lnej sf\u00e9re?  pdf format <\/a>(Slovak)<\/p>\n\n\n\n<p><a href=\"https:\/\/selid.efos-europa.eu\/wp-content\/uploads\/2021\/05\/Bratislava-Online-U3A-eng.pdf\" target=\"_blank\" rel=\"noreferrer noopener\">Online U3A  pdf format<\/a><\/p>\n\n\n\n<p><a href=\"https:\/\/selid.efos-europa.eu\/wp-content\/uploads\/2021\/05\/Bratislava-Interim_Report-Jan-2021.pdf\" target=\"_blank\" rel=\"noreferrer noopener\">Interim Report January 2021 pdf format<\/a><\/p>\n","protected":false},"excerpt":{"rendered":"<p>Survey on the use of digital technologies pdf format How we see the future pdf format (English) Ako vid\u00edme bud\u00facnos\u0165 star\u0161\u00edch \u013eud\u00ed v digit\u00e1lnej sf\u00e9re? &hellip; <\/p>\n","protected":false},"author":2,"featured_media":0,"parent":0,"menu_order":0,"comment_status":"closed","ping_status":"closed","template":"","meta":[],"_links":{"self":[{"href":"https:\/\/selid.efos-europa.eu\/index.php?rest_route=\/wp\/v2\/pages\/841"}],"collection":[{"href":"https:\/\/selid.efos-europa.eu\/index.php?rest_route=\/wp\/v2\/pages"}],"about":[{"href":"https:\/\/selid.efos-europa.eu\/index.php?rest_route=\/wp\/v2\/types\/page"}],"author":[{"embeddable":true,"href":"https:\/\/selid.efos-europa.eu\/index.php?rest_route=\/wp\/v2\/users\/2"}],"replies":[{"embeddable":true,"href":"https:\/\/selid.efos-europa.eu\/index.php?rest_route=%2Fwp%2Fv2%2Fcomments&post=841"}],"version-history":[{"count":9,"href":"https:\/\/selid.efos-europa.eu\/index.php?rest_route=\/wp\/v2\/pages\/841\/revisions"}],"predecessor-version":[{"id":1197,"href":"https:\/\/selid.efos-europa.eu\/index.php?rest_route=\/wp\/v2\/pages\/841\/revisions\/1197"}],"wp:attachment":[{"href":"https:\/\/selid.efos-europa.eu\/index.php?rest_route=%2Fwp%2Fv2%2Fmedia&parent=841"}],"curies":[{"name":"wp","href":"https:\/\/api.w.org\/{rel}","templated":true}]}}